{"id":100,"date":"2026-01-17T06:52:56","date_gmt":"2026-01-17T06:52:56","guid":{"rendered":"https:\/\/cokhihieuvinh.com\/?post_type=product&#038;p=100"},"modified":"2026-01-17T06:53:20","modified_gmt":"2026-01-17T06:53:20","slug":"cau-thang-sat","status":"publish","type":"product","link":"https:\/\/cokhihieuvinh.com\/?product=cau-thang-sat","title":{"rendered":"Thi C\u00f4ng Lan Can C\u1ea7u Thang S\u1eaft M\u1ef9 Thu\u1eadt &#8211; Tay V\u1ecbn G\u1ed7 (M\u1eabu \u0110\u1eb9p Pleiku)"},"content":{"rendered":"<p data-path-to-node=\"9,0\"><b data-path-to-node=\"9,0\" data-index-in-node=\"0\">\u0110I\u1ec2M NH\u1ea4N SANG TR\u1eccNG CHO NG\u00d4I NH\u00c0 C\u1ee6A B\u1ea0N<\/b> <b data-path-to-node=\"9,0\" data-index-in-node=\"42\">C\u01a0 KH\u00cd HI\u1ebeU VINH &#8211; CHUY\u00caN S\u1eaeT M\u1ef8 THU\u1eacT &amp; C\u1ea6U THANG T\u1ea0I GIA LAI<\/b><\/p>\n<p data-path-to-node=\"9,1\">C\u1ea7u thang kh\u00f4ng ch\u1ec9 l\u00e0 l\u1ed1i \u0111i, n\u00f3 l\u00e0 &#8220;x\u01b0\u01a1ng s\u1ed1ng&#8221; v\u00e0 l\u00e0 \u0111i\u1ec3m nh\u1ea5n th\u1ea9m m\u1ef9 quan tr\u1ecdng nh\u1ea5t c\u1ee7a ph\u00f2ng kh\u00e1ch. M\u1ed9t b\u1ed9 lan can s\u1eaft m\u1ef9 thu\u1eadt u\u1ed1n l\u01b0\u1ee3n k\u1ebft h\u1ee3p tay v\u1ecbn g\u1ed7 s\u1ebd n\u00e2ng t\u1ea7m \u0111\u1eb3ng c\u1ea5p cho c\u1ea3 ng\u00f4i nh\u00e0.<\/p>\n<h3 data-path-to-node=\"9,2\">1. C\u00e1c M\u1eabu Lan Can Ch\u00fang T\u00f4i Thi C\u00f4ng:<\/h3>\n<ul data-path-to-node=\"9,3\">\n<li>\n<p data-path-to-node=\"9,3,0,0\"><b data-path-to-node=\"9,3,0,0\" data-index-in-node=\"0\">Lan can s\u1eaft m\u1ef9 thu\u1eadt (S\u1eaft u\u1ed1n):<\/b> D\u00f9ng s\u1eaft \u0111\u1eb7c, u\u1ed1n hoa v\u0103n th\u1ee7 c\u00f4ng m\u1ec1m m\u1ea1i, \u0111i\u1ec3m xuy\u1ebft ph\u1ee5 ki\u1ec7n hoa l\u00e1 t\u00e2y. Ph\u00f9 h\u1ee3p bi\u1ec7t th\u1ef1, nh\u00e0 m\u00e1i Th\u00e1i t\u00e2n c\u1ed5 \u0111i\u1ec3n.<\/p>\n<\/li>\n<li>\n<p data-path-to-node=\"9,3,1,0\"><b data-path-to-node=\"9,3,1,0\" data-index-in-node=\"0\">Lan can s\u1eaft CNC:<\/b> C\u1eaft laser nguy\u00ean t\u1ea5m, hoa v\u0103n hi\u1ec7n \u0111\u1ea1i, s\u1eafc s\u1ea3o.<\/p>\n<\/li>\n<li>\n<p data-path-to-node=\"9,3,2,0\"><b data-path-to-node=\"9,3,2,0\" data-index-in-node=\"0\">Lan can s\u1eaft h\u1ed9p \u0111\u01a1n gi\u1ea3n:<\/b> Ph\u00f9 h\u1ee3p nh\u00e0 \u1ed1ng hi\u1ec7n \u0111\u1ea1i, chi ph\u00ed ti\u1ebft ki\u1ec7m nh\u01b0ng v\u1eabn ch\u1eafc ch\u1eafn.<\/p>\n<\/li>\n<li>\n<p data-path-to-node=\"9,3,3,0\"><b data-path-to-node=\"9,3,3,0\" data-index-in-node=\"0\">Lan can k\u00ednh c\u01b0\u1eddng l\u1ef1c:<\/b> K\u1ebft h\u1ee3p tr\u1ee5 \u0111\u1ec1-pa s\u1eaft ho\u1eb7c g\u1ed7, t\u1ea1o c\u1ea3m gi\u00e1c r\u1ed9ng r\u00e3i cho kh\u00f4ng gian.<\/p>\n<\/li>\n<\/ul>\n<h3 data-path-to-node=\"9,4\">2. Ch\u1ea5t Li\u1ec7u &amp; K\u1ef9 Thu\u1eadt Gia C\u00f4ng:<\/h3>\n<ul data-path-to-node=\"9,5\">\n<li>\n<p data-path-to-node=\"9,5,0,0\"><b data-path-to-node=\"9,5,0,0\" data-index-in-node=\"0\">S\u1eaft:<\/b> S\u1eed d\u1ee5ng s\u1eaft H\u1eefu Li\u00ean, H\u00f2a Ph\u00e1t chu\u1ea9n \u0111\u1ed9 d\u00e0y. S\u1eaft \u0111\u1eb7c u\u1ed1n \u0111\u01b0\u1ee3c x\u1eed l\u00fd k\u1ef9 b\u1ec1 m\u1eb7t.<\/p>\n<\/li>\n<li>\n<p data-path-to-node=\"9,5,1,0\"><b data-path-to-node=\"9,5,1,0\" data-index-in-node=\"0\">Tay v\u1ecbn:<\/b> K\u1ebft h\u1ee3p m\u1ed9c (g\u1ed7 C\u0103m Xe, G\u00f5 \u0110\u1ecf, Lim) s\u1ea5y kh\u00f4, s\u01a1n PU b\u00f3ng lo\u00e1ng, kh\u00f4ng cong v\u00eanh.<\/p>\n<\/li>\n<li>\n<p data-path-to-node=\"9,5,2,0\"><b data-path-to-node=\"9,5,2,0\" data-index-in-node=\"0\">S\u01a1n:<\/b> \u0110\u00e2y l\u00e0 b\u00ed quy\u1ebft c\u1ee7a Hi\u1ebfu Vinh. Ch\u00fang t\u00f4i d\u00f9ng s\u01a1n Epoxy 2 th\u00e0nh ph\u1ea7n ho\u1eb7c s\u01a1n t\u0129nh \u0111i\u1ec7n cao c\u1ea5p. M\u00e0u s\u1eafc \u0111a d\u1ea1ng: <i data-path-to-node=\"9,5,2,0\" data-index-in-node=\"119\">\u0110en m\u1edd, Tr\u1eafng s\u1ee9, Nh\u0169 \u0111\u1ed3ng \u0111\u1ecf, Nh\u0169 v\u00e0ng 18k&#8230;<\/i><\/p>\n<\/li>\n<\/ul>\n<h3 data-path-to-node=\"9,6\">3. Quy Tr\u00ecnh L\u00e0m Vi\u1ec7c T\u1ea1i Hi\u1ebfu Vinh:<\/h3>\n<ol start=\"1\" data-path-to-node=\"9,7\">\n<li>\n<p data-path-to-node=\"9,7,0,0\"><b data-path-to-node=\"9,7,0,0\" data-index-in-node=\"0\">Alo s\u1ed1 035.8888.493:<\/b> Hi\u1ebfu s\u1ebd mang Catalogue m\u1eabu qua t\u1eadn nh\u00e0 cho anh\/ch\u1ecb ch\u1ecdn.<\/p>\n<\/li>\n<li>\n<p data-path-to-node=\"9,7,1,0\"><b data-path-to-node=\"9,7,1,0\" data-index-in-node=\"0\">\u0110o \u0111\u1ea1c &amp; B\u00e1o gi\u00e1:<\/b> \u0110o th\u1ef1c t\u1ebf theo m\u00e9t d\u00e0i, t\u01b0 v\u1ea5n m\u1eabu ph\u00f9 h\u1ee3p t\u00fai ti\u1ec1n.<\/p>\n<\/li>\n<li>\n<p data-path-to-node=\"9,7,2,0\"><b data-path-to-node=\"9,7,2,0\" data-index-in-node=\"0\">Gia c\u00f4ng t\u1ea1i x\u01b0\u1edfng:<\/b> U\u1ed1n, h\u00e0n, s\u01a1n k\u1ef9 l\u01b0\u1ee1ng t\u1ea1i x\u01b0\u1edfng (Kh\u00e1ch c\u00f3 th\u1ec3 gh\u00e9 ki\u1ec3m tra).<\/p>\n<\/li>\n<li>\n<p data-path-to-node=\"9,7,3,0\"><b data-path-to-node=\"9,7,3,0\" data-index-in-node=\"0\">L\u1eafp \u0111\u1eb7t:<\/b> V\u1eadn chuy\u1ec3n v\u00e0 l\u1eafp r\u00e1p ho\u00e0n thi\u1ec7n trong 3-5 ng\u00e0y.<\/p>\n<\/li>\n<\/ol>\n<hr data-path-to-node=\"9,8\" \/>\n<p data-path-to-node=\"9,9\">\ud83c\udfe0 <b data-path-to-node=\"9,9\" data-index-in-node=\"3\">C\u01a0 KH\u00cd HI\u1ebeU VINH &#8211; UY T\u00cdN T\u1ea0O N\u00caN TH\u01af\u01a0NG HI\u1ec6U<\/b> <i data-path-to-node=\"9,9\" data-index-in-node=\"49\">\u0110\u1ecba ch\u1ec9: 77\/4 T\u00f4n Th\u1ea5t Thuy\u1ebft, TP. Pleiku, Gia Lai.<\/i> <i data-path-to-node=\"9,9\" data-index-in-node=\"101\">Hotline:<\/i> <b data-path-to-node=\"9,9\" data-index-in-node=\"110\">035.8888.493<\/b><\/p>\n","protected":false},"excerpt":{"rendered":"<p>\u2705 Lan can s\u1eaft m\u1ef9 thu\u1eadt u\u1ed1n hoa v\u0103n c\u1ed5 \u0111i\u1ec3n sang tr\u1ecdng, s\u1eaft CNC hi\u1ec7n \u0111\u1ea1i.<br \/>\n\u2705 K\u1ebft h\u1ee3p tay v\u1ecbn g\u1ed7 C\u0103m Xe, G\u00f5 \u0110\u1ecf ho\u1eb7c tay v\u1ecbn s\u1eaft s\u01a1n gi\u1ea3 g\u1ed7.<br \/>\n\u2705 C\u00f4ng ngh\u1ec7 s\u01a1n Epoxy 2 th\u00e0nh ph\u1ea7n ho\u1eb7c s\u01a1n t\u0129nh \u0111i\u1ec7n: Nh\u0169 v\u00e0ng, \u0110en m\u1edd \u0111\u1eb3ng c\u1ea5p.<br \/>\n\ud83d\udcde <b data-path-to-node=\"7\" data-index-in-node=\"253\">T\u01b0 v\u1ea5n \u0111o \u0111\u1ea1c t\u1eadn nh\u00e0: 035.8888.493 (Hi\u1ebfu)<\/b><\/p>\n","protected":false},"featured_media":102,"comment_status":"open","ping_status":"closed","template":"","meta":[],"product_brand":[],"product_cat":[28],"product_tag":[30,29],"class_list":{"0":"post-100","1":"product","2":"type-product","3":"status-publish","4":"has-post-thumbnail","6":"product_cat-lan-can","7":"product_tag-cau-thang-sat","8":"product_tag-lan-can","10":"first","11":"instock","12":"virtual","13":"product-type-simple"},"yoast_head":"<!-- This site is optimized with the Yoast SEO plugin v26.9 - https:\/\/yoast.com\/product\/yoast-seo-wordpress\/ -->\n<title>Thi C\u00f4ng Lan Can C\u1ea7u Thang S\u1eaft M\u1ef9 Thu\u1eadt - Tay V\u1ecbn G\u1ed7 (M\u1eabu \u0110\u1eb9p Pleiku) - C\u01a1 kh\u00ed Hi\u1ebfu Vinh - Chuy\u00ean C\u1eeda S\u1eaft, M\u00e1i T\u00f4n, Nh\u00e0 Ti\u1ec1n Ch\u1ebf Pleiku<\/title>\n<meta name=\"description\" content=\"\u2705 Lan can s\u1eaft m\u1ef9 thu\u1eadt u\u1ed1n hoa v\u0103n c\u1ed5 \u0111i\u1ec3n sang tr\u1ecdng, s\u1eaft CNC hi\u1ec7n \u0111\u1ea1i. \u2705 K\u1ebft h\u1ee3p tay v\u1ecbn g\u1ed7 C\u0103m Xe, G\u00f5 \u0110\u1ecf ho\u1eb7c tay v\u1ecbn s\u1eaft s\u01a1n gi\u1ea3 g\u1ed7. \u2705 C\u00f4ng ngh\u1ec7 s\u01a1n Epoxy 2 th\u00e0nh ph\u1ea7n ho\u1eb7c s\u01a1n t\u0129nh \u0111i\u1ec7n: Nh\u0169 v\u00e0ng, \u0110en m\u1edd \u0111\u1eb3ng c\u1ea5p. \ud83d\udcde T\u01b0 v\u1ea5n \u0111o \u0111\u1ea1c t\u1eadn nh\u00e0: 035.8888.493 (Hi\u1ebfu)\" \/>\n<meta name=\"robots\" content=\"index, follow, max-snippet:-1, max-image-preview:large, max-video-preview:-1\" \/>\n<link rel=\"canonical\" href=\"https:\/\/cokhihieuvinh.com\/?product=cau-thang-sat\" \/>\n<meta property=\"og:locale\" content=\"vi_VN\" \/>\n<meta property=\"og:type\" content=\"article\" \/>\n<meta property=\"og:title\" content=\"Thi C\u00f4ng Lan Can C\u1ea7u Thang S\u1eaft M\u1ef9 Thu\u1eadt - Tay V\u1ecbn G\u1ed7 (M\u1eabu \u0110\u1eb9p Pleiku) - C\u01a1 kh\u00ed Hi\u1ebfu Vinh - Chuy\u00ean C\u1eeda S\u1eaft, M\u00e1i T\u00f4n, Nh\u00e0 Ti\u1ec1n Ch\u1ebf Pleiku\" \/>\n<meta property=\"og:description\" content=\"\u2705 Lan can s\u1eaft m\u1ef9 thu\u1eadt u\u1ed1n hoa v\u0103n c\u1ed5 \u0111i\u1ec3n sang tr\u1ecdng, s\u1eaft CNC hi\u1ec7n \u0111\u1ea1i. \u2705 K\u1ebft h\u1ee3p tay v\u1ecbn g\u1ed7 C\u0103m Xe, G\u00f5 \u0110\u1ecf ho\u1eb7c tay v\u1ecbn s\u1eaft s\u01a1n gi\u1ea3 g\u1ed7. \u2705 C\u00f4ng ngh\u1ec7 s\u01a1n Epoxy 2 th\u00e0nh ph\u1ea7n ho\u1eb7c s\u01a1n t\u0129nh \u0111i\u1ec7n: Nh\u0169 v\u00e0ng, \u0110en m\u1edd \u0111\u1eb3ng c\u1ea5p. \ud83d\udcde T\u01b0 v\u1ea5n \u0111o \u0111\u1ea1c t\u1eadn nh\u00e0: 035.8888.493 (Hi\u1ebfu)\" \/>\n<meta property=\"og:url\" content=\"https:\/\/cokhihieuvinh.com\/?product=cau-thang-sat\" \/>\n<meta property=\"og:site_name\" content=\"C\u01a1 kh\u00ed Hi\u1ebfu Vinh - Chuy\u00ean C\u1eeda S\u1eaft, M\u00e1i T\u00f4n, Nh\u00e0 Ti\u1ec1n Ch\u1ebf Pleiku\" \/>\n<meta property=\"article:modified_time\" content=\"2026-01-17T06:53:20+00:00\" \/>\n<meta property=\"og:image\" content=\"https:\/\/cokhihieuvinh.com\/wp-content\/uploads\/2026\/01\/cau-thang-sat-my-thuat-uon-hoa-van-mau-den-diem-nhu-vang-tay-vin-go-bong-loang-trong-mot-ngoi-nha-biet-thu-sang-trong-1024x559.png\" \/>\n\t<meta property=\"og:image:width\" content=\"1024\" \/>\n\t<meta property=\"og:image:height\" content=\"559\" \/>\n\t<meta property=\"og:image:type\" content=\"image\/png\" \/>\n<meta name=\"twitter:card\" content=\"summary_large_image\" \/>\n<meta name=\"twitter:label1\" content=\"\u01af\u1edbc t\u00ednh th\u1eddi gian \u0111\u1ecdc\" \/>\n\t<meta name=\"twitter:data1\" content=\"3 ph\u00fat\" \/>\n<script type=\"application\/ld+json\" class=\"yoast-schema-graph\">{\"@context\":\"https:\/\/schema.org\",\"@graph\":[{\"@type\":\"WebPage\",\"@id\":\"https:\/\/cokhihieuvinh.com\/?product=cau-thang-sat\",\"url\":\"https:\/\/cokhihieuvinh.com\/?product=cau-thang-sat\",\"name\":\"Thi C\u00f4ng Lan Can C\u1ea7u Thang S\u1eaft M\u1ef9 Thu\u1eadt - Tay V\u1ecbn G\u1ed7 (M\u1eabu \u0110\u1eb9p Pleiku) - C\u01a1 kh\u00ed Hi\u1ebfu Vinh - Chuy\u00ean C\u1eeda S\u1eaft, M\u00e1i T\u00f4n, Nh\u00e0 Ti\u1ec1n Ch\u1ebf Pleiku\",\"isPartOf\":{\"@id\":\"https:\/\/cokhihieuvinh.com\/#website\"},\"primaryImageOfPage\":{\"@id\":\"https:\/\/cokhihieuvinh.com\/?product=cau-thang-sat#primaryimage\"},\"image\":{\"@id\":\"https:\/\/cokhihieuvinh.com\/?product=cau-thang-sat#primaryimage\"},\"thumbnailUrl\":\"https:\/\/cokhihieuvinh.com\/wp-content\/uploads\/2026\/01\/cau-thang-sat-my-thuat-uon-hoa-van-mau-den-diem-nhu-vang-tay-vin-go-bong-loang-trong-mot-ngoi-nha-biet-thu-sang-trong-scaled.png\",\"datePublished\":\"2026-01-17T06:52:56+00:00\",\"dateModified\":\"2026-01-17T06:53:20+00:00\",\"description\":\"\u2705 Lan can s\u1eaft m\u1ef9 thu\u1eadt u\u1ed1n hoa v\u0103n c\u1ed5 \u0111i\u1ec3n sang tr\u1ecdng, s\u1eaft CNC hi\u1ec7n \u0111\u1ea1i. \u2705 K\u1ebft h\u1ee3p tay v\u1ecbn g\u1ed7 C\u0103m Xe, G\u00f5 \u0110\u1ecf ho\u1eb7c tay v\u1ecbn s\u1eaft s\u01a1n gi\u1ea3 g\u1ed7. \u2705 C\u00f4ng ngh\u1ec7 s\u01a1n Epoxy 2 th\u00e0nh ph\u1ea7n ho\u1eb7c s\u01a1n t\u0129nh \u0111i\u1ec7n: Nh\u0169 v\u00e0ng, \u0110en m\u1edd \u0111\u1eb3ng c\u1ea5p. \ud83d\udcde T\u01b0 v\u1ea5n \u0111o \u0111\u1ea1c t\u1eadn nh\u00e0: 035.8888.493 (Hi\u1ebfu)\",\"breadcrumb\":{\"@id\":\"https:\/\/cokhihieuvinh.com\/?product=cau-thang-sat#breadcrumb\"},\"inLanguage\":\"vi\",\"potentialAction\":[{\"@type\":\"ReadAction\",\"target\":[\"https:\/\/cokhihieuvinh.com\/?product=cau-thang-sat\"]}]},{\"@type\":\"ImageObject\",\"inLanguage\":\"vi\",\"@id\":\"https:\/\/cokhihieuvinh.com\/?product=cau-thang-sat#primaryimage\",\"url\":\"https:\/\/cokhihieuvinh.com\/wp-content\/uploads\/2026\/01\/cau-thang-sat-my-thuat-uon-hoa-van-mau-den-diem-nhu-vang-tay-vin-go-bong-loang-trong-mot-ngoi-nha-biet-thu-sang-trong-scaled.png\",\"contentUrl\":\"https:\/\/cokhihieuvinh.com\/wp-content\/uploads\/2026\/01\/cau-thang-sat-my-thuat-uon-hoa-van-mau-den-diem-nhu-vang-tay-vin-go-bong-loang-trong-mot-ngoi-nha-biet-thu-sang-trong-scaled.png\",\"width\":2560,\"height\":1396},{\"@type\":\"BreadcrumbList\",\"@id\":\"https:\/\/cokhihieuvinh.com\/?product=cau-thang-sat#breadcrumb\",\"itemListElement\":[{\"@type\":\"ListItem\",\"position\":1,\"name\":\"Trang ch\u1ee7\",\"item\":\"https:\/\/cokhihieuvinh.com\/\"},{\"@type\":\"ListItem\",\"position\":2,\"name\":\"C\u1eeda h\u00e0ng\",\"item\":\"https:\/\/cokhihieuvinh.com\/?page_id=23\"},{\"@type\":\"ListItem\",\"position\":3,\"name\":\"Thi C\u00f4ng Lan Can C\u1ea7u Thang S\u1eaft M\u1ef9 Thu\u1eadt &#8211; Tay V\u1ecbn G\u1ed7 (M\u1eabu \u0110\u1eb9p Pleiku)\"}]},{\"@type\":\"WebSite\",\"@id\":\"https:\/\/cokhihieuvinh.com\/#website\",\"url\":\"https:\/\/cokhihieuvinh.com\/\",\"name\":\"C\u01a1 kh\u00ed Hi\u1ebfu Vinh - Chuy\u00ean C\u1eeda S\u1eaft, M\u00e1i T\u00f4n, Nh\u00e0 Ti\u1ec1n Ch\u1ebf Pleiku\",\"description\":\"\",\"potentialAction\":[{\"@type\":\"SearchAction\",\"target\":{\"@type\":\"EntryPoint\",\"urlTemplate\":\"https:\/\/cokhihieuvinh.com\/?s={search_term_string}\"},\"query-input\":{\"@type\":\"PropertyValueSpecification\",\"valueRequired\":true,\"valueName\":\"search_term_string\"}}],\"inLanguage\":\"vi\"}]}<\/script>\n<!-- \/ Yoast SEO plugin. -->","yoast_head_json":{"title":"Thi C\u00f4ng Lan Can C\u1ea7u Thang S\u1eaft M\u1ef9 Thu\u1eadt - Tay V\u1ecbn G\u1ed7 (M\u1eabu \u0110\u1eb9p Pleiku) - C\u01a1 kh\u00ed Hi\u1ebfu Vinh - Chuy\u00ean C\u1eeda S\u1eaft, M\u00e1i T\u00f4n, Nh\u00e0 Ti\u1ec1n Ch\u1ebf Pleiku","description":"\u2705 Lan can s\u1eaft m\u1ef9 thu\u1eadt u\u1ed1n hoa v\u0103n c\u1ed5 \u0111i\u1ec3n sang tr\u1ecdng, s\u1eaft CNC hi\u1ec7n \u0111\u1ea1i. \u2705 K\u1ebft h\u1ee3p tay v\u1ecbn g\u1ed7 C\u0103m Xe, G\u00f5 \u0110\u1ecf ho\u1eb7c tay v\u1ecbn s\u1eaft s\u01a1n gi\u1ea3 g\u1ed7. \u2705 C\u00f4ng ngh\u1ec7 s\u01a1n Epoxy 2 th\u00e0nh ph\u1ea7n ho\u1eb7c s\u01a1n t\u0129nh \u0111i\u1ec7n: Nh\u0169 v\u00e0ng, \u0110en m\u1edd \u0111\u1eb3ng c\u1ea5p. \ud83d\udcde T\u01b0 v\u1ea5n \u0111o \u0111\u1ea1c t\u1eadn nh\u00e0: 035.8888.493 (Hi\u1ebfu)","robots":{"index":"index","follow":"follow","max-snippet":"max-snippet:-1","max-image-preview":"max-image-preview:large","max-video-preview":"max-video-preview:-1"},"canonical":"https:\/\/cokhihieuvinh.com\/?product=cau-thang-sat","og_locale":"vi_VN","og_type":"article","og_title":"Thi C\u00f4ng Lan Can C\u1ea7u Thang S\u1eaft M\u1ef9 Thu\u1eadt - Tay V\u1ecbn G\u1ed7 (M\u1eabu \u0110\u1eb9p Pleiku) - C\u01a1 kh\u00ed Hi\u1ebfu Vinh - Chuy\u00ean C\u1eeda S\u1eaft, M\u00e1i T\u00f4n, Nh\u00e0 Ti\u1ec1n Ch\u1ebf Pleiku","og_description":"\u2705 Lan can s\u1eaft m\u1ef9 thu\u1eadt u\u1ed1n hoa v\u0103n c\u1ed5 \u0111i\u1ec3n sang tr\u1ecdng, s\u1eaft CNC hi\u1ec7n \u0111\u1ea1i. \u2705 K\u1ebft h\u1ee3p tay v\u1ecbn g\u1ed7 C\u0103m Xe, G\u00f5 \u0110\u1ecf ho\u1eb7c tay v\u1ecbn s\u1eaft s\u01a1n gi\u1ea3 g\u1ed7. \u2705 C\u00f4ng ngh\u1ec7 s\u01a1n Epoxy 2 th\u00e0nh ph\u1ea7n ho\u1eb7c s\u01a1n t\u0129nh \u0111i\u1ec7n: Nh\u0169 v\u00e0ng, \u0110en m\u1edd \u0111\u1eb3ng c\u1ea5p. \ud83d\udcde T\u01b0 v\u1ea5n \u0111o \u0111\u1ea1c t\u1eadn nh\u00e0: 035.8888.493 (Hi\u1ebfu)","og_url":"https:\/\/cokhihieuvinh.com\/?product=cau-thang-sat","og_site_name":"C\u01a1 kh\u00ed Hi\u1ebfu Vinh - Chuy\u00ean C\u1eeda S\u1eaft, M\u00e1i T\u00f4n, Nh\u00e0 Ti\u1ec1n Ch\u1ebf Pleiku","article_modified_time":"2026-01-17T06:53:20+00:00","og_image":[{"width":1024,"height":559,"url":"https:\/\/cokhihieuvinh.com\/wp-content\/uploads\/2026\/01\/cau-thang-sat-my-thuat-uon-hoa-van-mau-den-diem-nhu-vang-tay-vin-go-bong-loang-trong-mot-ngoi-nha-biet-thu-sang-trong-1024x559.png","type":"image\/png"}],"twitter_card":"summary_large_image","twitter_misc":{"\u01af\u1edbc t\u00ednh th\u1eddi gian \u0111\u1ecdc":"3 ph\u00fat"},"schema":{"@context":"https:\/\/schema.org","@graph":[{"@type":"WebPage","@id":"https:\/\/cokhihieuvinh.com\/?product=cau-thang-sat","url":"https:\/\/cokhihieuvinh.com\/?product=cau-thang-sat","name":"Thi C\u00f4ng Lan Can C\u1ea7u Thang S\u1eaft M\u1ef9 Thu\u1eadt - Tay V\u1ecbn G\u1ed7 (M\u1eabu \u0110\u1eb9p Pleiku) - C\u01a1 kh\u00ed Hi\u1ebfu Vinh - Chuy\u00ean C\u1eeda S\u1eaft, M\u00e1i T\u00f4n, Nh\u00e0 Ti\u1ec1n Ch\u1ebf Pleiku","isPartOf":{"@id":"https:\/\/cokhihieuvinh.com\/#website"},"primaryImageOfPage":{"@id":"https:\/\/cokhihieuvinh.com\/?product=cau-thang-sat#primaryimage"},"image":{"@id":"https:\/\/cokhihieuvinh.com\/?product=cau-thang-sat#primaryimage"},"thumbnailUrl":"https:\/\/cokhihieuvinh.com\/wp-content\/uploads\/2026\/01\/cau-thang-sat-my-thuat-uon-hoa-van-mau-den-diem-nhu-vang-tay-vin-go-bong-loang-trong-mot-ngoi-nha-biet-thu-sang-trong-scaled.png","datePublished":"2026-01-17T06:52:56+00:00","dateModified":"2026-01-17T06:53:20+00:00","description":"\u2705 Lan can s\u1eaft m\u1ef9 thu\u1eadt u\u1ed1n hoa v\u0103n c\u1ed5 \u0111i\u1ec3n sang tr\u1ecdng, s\u1eaft CNC hi\u1ec7n \u0111\u1ea1i. \u2705 K\u1ebft h\u1ee3p tay v\u1ecbn g\u1ed7 C\u0103m Xe, G\u00f5 \u0110\u1ecf ho\u1eb7c tay v\u1ecbn s\u1eaft s\u01a1n gi\u1ea3 g\u1ed7. \u2705 C\u00f4ng ngh\u1ec7 s\u01a1n Epoxy 2 th\u00e0nh ph\u1ea7n ho\u1eb7c s\u01a1n t\u0129nh \u0111i\u1ec7n: Nh\u0169 v\u00e0ng, \u0110en m\u1edd \u0111\u1eb3ng c\u1ea5p. \ud83d\udcde T\u01b0 v\u1ea5n \u0111o \u0111\u1ea1c t\u1eadn nh\u00e0: 035.8888.493 (Hi\u1ebfu)","breadcrumb":{"@id":"https:\/\/cokhihieuvinh.com\/?product=cau-thang-sat#breadcrumb"},"inLanguage":"vi","potentialAction":[{"@type":"ReadAction","target":["https:\/\/cokhihieuvinh.com\/?product=cau-thang-sat"]}]},{"@type":"ImageObject","inLanguage":"vi","@id":"https:\/\/cokhihieuvinh.com\/?product=cau-thang-sat#primaryimage","url":"https:\/\/cokhihieuvinh.com\/wp-content\/uploads\/2026\/01\/cau-thang-sat-my-thuat-uon-hoa-van-mau-den-diem-nhu-vang-tay-vin-go-bong-loang-trong-mot-ngoi-nha-biet-thu-sang-trong-scaled.png","contentUrl":"https:\/\/cokhihieuvinh.com\/wp-content\/uploads\/2026\/01\/cau-thang-sat-my-thuat-uon-hoa-van-mau-den-diem-nhu-vang-tay-vin-go-bong-loang-trong-mot-ngoi-nha-biet-thu-sang-trong-scaled.png","width":2560,"height":1396},{"@type":"BreadcrumbList","@id":"https:\/\/cokhihieuvinh.com\/?product=cau-thang-sat#breadcrumb","itemListElement":[{"@type":"ListItem","position":1,"name":"Trang ch\u1ee7","item":"https:\/\/cokhihieuvinh.com\/"},{"@type":"ListItem","position":2,"name":"C\u1eeda h\u00e0ng","item":"https:\/\/cokhihieuvinh.com\/?page_id=23"},{"@type":"ListItem","position":3,"name":"Thi C\u00f4ng Lan Can C\u1ea7u Thang S\u1eaft M\u1ef9 Thu\u1eadt &#8211; Tay V\u1ecbn G\u1ed7 (M\u1eabu \u0110\u1eb9p Pleiku)"}]},{"@type":"WebSite","@id":"https:\/\/cokhihieuvinh.com\/#website","url":"https:\/\/cokhihieuvinh.com\/","name":"C\u01a1 kh\u00ed Hi\u1ebfu Vinh - Chuy\u00ean C\u1eeda S\u1eaft, M\u00e1i T\u00f4n, Nh\u00e0 Ti\u1ec1n Ch\u1ebf Pleiku","description":"","potentialAction":[{"@type":"SearchAction","target":{"@type":"EntryPoint","urlTemplate":"https:\/\/cokhihieuvinh.com\/?s={search_term_string}"},"query-input":{"@type":"PropertyValueSpecification","valueRequired":true,"valueName":"search_term_string"}}],"inLanguage":"vi"}]}},"jetpack_sharing_enabled":true,"_links":{"self":[{"href":"https:\/\/cokhihieuvinh.com\/index.php?rest_route=\/wp\/v2\/product\/100","targetHints":{"allow":["GET"]}}],"collection":[{"href":"https:\/\/cokhihieuvinh.com\/index.php?rest_route=\/wp\/v2\/product"}],"about":[{"href":"https:\/\/cokhihieuvinh.com\/index.php?rest_route=\/wp\/v2\/types\/product"}],"replies":[{"embeddable":true,"href":"https:\/\/cokhihieuvinh.com\/index.php?rest_route=%2Fwp%2Fv2%2Fcomments&post=100"}],"wp:featuredmedia":[{"embeddable":true,"href":"https:\/\/cokhihieuvinh.com\/index.php?rest_route=\/wp\/v2\/media\/102"}],"wp:attachment":[{"href":"https:\/\/cokhihieuvinh.com\/index.php?rest_route=%2Fwp%2Fv2%2Fmedia&parent=100"}],"wp:term":[{"taxonomy":"product_brand","embeddable":true,"href":"https:\/\/cokhihieuvinh.com\/index.php?rest_route=%2Fwp%2Fv2%2Fproduct_brand&post=100"},{"taxonomy":"product_cat","embeddable":true,"href":"https:\/\/cokhihieuvinh.com\/index.php?rest_route=%2Fwp%2Fv2%2Fproduct_cat&post=100"},{"taxonomy":"product_tag","embeddable":true,"href":"https:\/\/cokhihieuvinh.com\/index.php?rest_route=%2Fwp%2Fv2%2Fproduct_tag&post=100"}],"curies":[{"name":"wp","href":"https:\/\/api.w.org\/{rel}","templated":true}]}}