{"id":120,"date":"2026-01-18T07:34:07","date_gmt":"2026-01-18T07:34:07","guid":{"rendered":"https:\/\/cokhihieuvinh.com\/?post_type=product&#038;p=120"},"modified":"2026-01-19T07:47:30","modified_gmt":"2026-01-19T07:47:30","slug":"cong-sat-2","status":"publish","type":"product","link":"https:\/\/cokhihieuvinh.com\/?product=cong-sat-2","title":{"rendered":"C\u1ed5ng S\u1eaft H\u1ed9p 4 C\u00e1nh Hi\u1ec7n \u0110\u1ea1i M\u00e0u Ghi Xingfa (M\u1eabu Qu\u1ed1c D\u00e2n 2026)"},"content":{"rendered":"<p data-path-to-node=\"8,0\"><b data-path-to-node=\"8,0\" data-index-in-node=\"0\">V\u1eba \u0110\u1eb8P HI\u1ec6N \u0110\u1ea0I \u0110\u1ebeN T\u1eea S\u1ef0 \u0110\u01a0N GI\u1ea2N<\/b> <b data-path-to-node=\"8,0\" data-index-in-node=\"46\">GI\u1ea2I PH\u00c1P C\u1ed4NG S\u1eaeT B\u1ec0N &#8211; \u0110\u1eb8P &#8211; R\u1eba CHO NH\u00c0 PH\u1ed0 GIA LAI<\/b><\/p>\n<p data-path-to-node=\"8,1\">N\u1ebfu anh\/ch\u1ecb kh\u00f4ng th\u00edch s\u1ef1 c\u1ea7u k\u1ef3 c\u1ee7a c\u1ed5ng CNC hay u\u1ed1n hoa v\u0103n, th\u00ec m\u1eabu c\u1ed5ng s\u1eaft h\u1ed9p CS.01 ch\u00ednh l\u00e0 l\u1ef1a ch\u1ecdn ho\u00e0n h\u1ea3o nh\u1ea5t. \u0110\u00e2y l\u00e0 m\u1eabu &#8220;qu\u1ed1c d\u00e2n&#8221; \u0111\u01b0\u1ee3c \u01b0a chu\u1ed9ng nh\u1ea5t t\u1ea1i c\u00e1c khu \u0111\u00f4 th\u1ecb m\u1edbi nh\u1edd v\u1ebb ngo\u00e0i hi\u1ec7n \u0111\u1ea1i, ch\u1eafc ch\u1eafn v\u00e0 chi ph\u00ed r\u1ea5t h\u1ee3p l\u00fd.<\/p>\n<h3 data-path-to-node=\"8,2\">1. T\u1ea1i Sao M\u1eabu CS.01 Lu\u00f4n &#8220;Ch\u00e1y H\u00e0ng&#8221; T\u1ea1i Hi\u1ebfu Vinh?<\/h3>\n<ul data-path-to-node=\"8,3\">\n<li>\n<p data-path-to-node=\"8,3,0,0\"><b data-path-to-node=\"8,3,0,0\" data-index-in-node=\"0\">Thi\u1ebft k\u1ebf v\u01b0\u1ee3t th\u1eddi gian:<\/b> S\u1eed d\u1ee5ng c\u00e1c thanh s\u1eaft h\u1ed9p (th\u01b0\u1eddng l\u00e0 40&#215;80 ho\u1eb7c 50&#215;100) h\u00e0n ngang, t\u1ea1o c\u1ea3m gi\u00e1c ng\u00f4i nh\u00e0 r\u1ed9ng h\u01a1n v\u00e0 ki\u00ean c\u1ed1 h\u01a1n. Thi\u1ebft k\u1ebf n\u00e0y 10 n\u0103m n\u1eefa nh\u00ecn v\u1eabn sang, kh\u00f4ng b\u1ecb qu\u00ea.<\/p>\n<\/li>\n<li>\n<p data-path-to-node=\"8,3,1,0\"><b data-path-to-node=\"8,3,1,0\" data-index-in-node=\"0\">M\u00e0u s\u1eafc th\u1eddi th\u01b0\u1ee3ng:<\/b> Ch\u00fang t\u00f4i s\u1eed d\u1ee5ng m\u00e0u s\u01a1n Ghi Xingfa (x\u00e1m \u0111\u1eadm). \u0110\u00e2y l\u00e0 m\u00e0u s\u1eafc r\u1ea5t &#8220;T\u00e2y&#8221;, nh\u00ecn s\u1ea1ch s\u1ebd, \u00edt b\u00e1m b\u1ee5i v\u00e0 \u0111\u1eb7c bi\u1ec7t l\u00e0 ph\u1ed1i v\u1edbi m\u00e0u s\u01a1n nh\u00e0 n\u00e0o c\u0169ng \u0111\u1eb9p.<\/p>\n<\/li>\n<li>\n<p data-path-to-node=\"8,3,2,0\"><b data-path-to-node=\"8,3,2,0\" data-index-in-node=\"0\">\u0110\u1ed9 an to\u00e0n tuy\u1ec7t \u0111\u1ed1i:<\/b> Kh\u00e1c v\u1edbi v\u1ebb m\u1ecfng manh c\u1ee7a m\u1ed9t s\u1ed1 lo\u1ea1i c\u1eeda kh\u00e1c, CS.01 \u0111\u01b0\u1ee3c l\u00e0m t\u1eeb s\u1eaft h\u1ed9p d\u00e0y (t\u1eeb 1.4 ly tr\u1edf l\u00ean), k\u1ebb gian nh\u00ecn v\u00e0o l\u00e0 &#8220;ng\u00e1n&#8221;.<\/p>\n<\/li>\n<\/ul>\n<h3 data-path-to-node=\"8,4\">2. Cam K\u1ebft Ch\u1ea5t L\u01b0\u1ee3ng C\u1ee7a C\u01a1 Kh\u00ed Hi\u1ebfu Vinh<\/h3>\n<p data-path-to-node=\"8,5\">V\u1edbi d\u00f2ng c\u1eeda s\u1eaft h\u1ed9p, ch\u1ea5t l\u01b0\u1ee3ng n\u1eb1m \u1edf <b data-path-to-node=\"8,5\" data-index-in-node=\"39\">M\u1ed0I H\u00c0N<\/b> v\u00e0 <b data-path-to-node=\"8,5\" data-index-in-node=\"50\">N\u01af\u1edaC S\u01a0N<\/b>.<\/p>\n<ul data-path-to-node=\"8,6\">\n<li>\n<p data-path-to-node=\"8,6,0,0\"><b data-path-to-node=\"8,6,0,0\" data-index-in-node=\"0\">V\u1eadt li\u1ec7u th\u1eadt:<\/b> 100% S\u1eaft h\u1ed9p m\u1ea1 k\u1ebdm H\u00f2a Ph\u00e1t ch\u00ednh h\u00e3ng.<\/p>\n<\/li>\n<li>\n<p data-path-to-node=\"8,6,1,0\"><b data-path-to-node=\"8,6,1,0\" data-index-in-node=\"0\">K\u1ef9 thu\u1eadt h\u00e0n:<\/b> Th\u1ee3 tay ngh\u1ec1 cao, m\u1ed1i h\u00e0n \u0111\u01b0\u1ee3c h\u00e0n k\u00edn 4 m\u1eb7t, m\u00e0i ph\u1eb3ng l\u00ec kh\u00f4ng g\u1edd r\u00e1p, \u0111\u1ea3m b\u1ea3o n\u01b0\u1edbc kh\u00f4ng l\u1ecdt v\u00e0o trong h\u1ed9p s\u1eaft g\u00e2y r\u1ec9 s\u00e9t t\u1eeb b\u00ean trong.<\/p>\n<\/li>\n<li>\n<p data-path-to-node=\"8,6,2,0\"><b data-path-to-node=\"8,6,2,0\" data-index-in-node=\"0\">C\u00f4ng ngh\u1ec7 s\u01a1n:<\/b> S\u01a1n Epoxy 2 th\u00e0nh ph\u1ea7n ho\u1eb7c s\u01a1n t\u0129nh \u0111i\u1ec7n cao c\u1ea5p (t\u00f9y ch\u1ecdn), bao n\u1eafng m\u01b0a T\u00e2y Nguy\u00ean kh\u00f4ng bong tr\u00f3c.<\/p>\n<\/li>\n<li>\n<p data-path-to-node=\"8,6,3,0\"><b data-path-to-node=\"8,6,3,0\" data-index-in-node=\"0\">Ph\u1ee5 ki\u1ec7n:<\/b> S\u1eed d\u1ee5ng b\u1ea3n l\u1ec1 c\u1ed1i xoay lo\u1ea1i l\u1edbn, ch\u1ed1t kh\u00f3a an to\u00e0n, \u0111\u00f3ng m\u1edf nh\u1eb9 nh\u00e0ng \u00eam \u00e1i.<\/p>\n<\/li>\n<\/ul>\n<hr data-path-to-node=\"8,7\" \/>\n<p data-path-to-node=\"8,8\">\ud83d\udce2 <b data-path-to-node=\"8,8\" data-index-in-node=\"3\">ANH\/CH\u1eca \u01afNG M\u1eaaU N\u00c0Y? H\u00c3Y G\u1eccI NGAY \u0110\u1ec2 C\u00d3 GI\u00c1 T\u1ed0T NH\u1ea4T!<\/b> <b data-path-to-node=\"8,8\" data-index-in-node=\"57\">X\u01b0\u1edfng C\u01a1 Kh\u00ed Hi\u1ebfu Vinh &#8211; Pleiku<\/b><\/p>\n<ul data-path-to-node=\"8,9\">\n<li>\n<p data-path-to-node=\"8,9,0,0\">Chuy\u00ean thi c\u00f4ng c\u1eeda c\u1ed5ng, h\u00e0ng r\u00e0o, nh\u00e0 ti\u1ec1n ch\u1ebf uy t\u00edn.<\/p>\n<\/li>\n<li>\n<p data-path-to-node=\"8,9,1,0\"><i data-path-to-node=\"8,9,1,0\" data-index-in-node=\"0\">Hotline\/Zalo t\u01b0 v\u1ea5n &amp; \u0111o \u0111\u1ea1c mi\u1ec5n ph\u00ed:<\/i> <b data-path-to-node=\"8,9,1,0\" data-index-in-node=\"39\">035.8888.493<\/b> (Mr. Hi\u1ebfu)<\/p>\n<\/li>\n<\/ul>\n","protected":false},"excerpt":{"rendered":"<p>\u2705 M\u1eabu c\u1ed5ng s\u1eaft h\u1ed9p thi\u1ebft k\u1ebf t\u1ed1i gi\u1ea3n, hi\u1ec7n \u0111\u1ea1i, kh\u00f4ng l\u1ed7i m\u1ed1t.<br \/>\n\u2705 S\u1eed d\u1ee5ng s\u1eaft h\u1ed9p H\u00f2a Ph\u00e1t d\u00e0y 1.4mm &#8211; 1.8mm c\u1ee9ng c\u00e1p.<br \/>\n\u2705 S\u01a1n m\u00e0u Ghi Xingfa sang tr\u1ecdng, s\u1ea1ch s\u1ebd, d\u1ec5 ph\u1ed1i m\u00e0u nh\u00e0.<br \/>\n\u2705 M\u1ed1i h\u00e0n k\u00edn, m\u00e0i ph\u1eb3ng, s\u01a1n k\u1ef9 2 l\u1edbp ch\u1ed1ng r\u1ec9.<\/p>\n<ul>\n<li aria-level=\"1\">C\u1ed5ng s\u1eaft s\u01a1n t\u0129nh \u0111i\u1ec7n<\/li>\n<li aria-level=\"1\">C\u1eeda c\u1ed5ng s\u1eaft gi\u1ea3 g\u1ed7<\/li>\n<li aria-level=\"1\">M\u1eabu c\u1eeda c\u1ed5ng s\u1eaft h\u1ed9p<\/li>\n<li aria-level=\"1\">C\u1eeda s\u1eaft m\u1ef9 thu\u1eadt<\/li>\n<\/ul>\n<p>\ud83d\udcde<b data-path-to-node=\"6\" data-index-in-node=\"260\">Ch\u1ecdn m\u1eabu b\u00e1o gi\u00e1 nhanh Zalo: 035.8888.493 (Hi\u1ebfu)<\/b><\/p>\n","protected":false},"featured_media":121,"comment_status":"open","ping_status":"closed","template":"","meta":[],"product_brand":[],"product_cat":[40],"product_tag":[32,38,39],"class_list":{"0":"post-120","1":"product","2":"type-product","3":"status-publish","4":"has-post-thumbnail","6":"product_cat-cong-sat","7":"product_tag-cong-sat","8":"product_tag-cua-cong-sat-dep","9":"product_tag-mau-cong-sat-hop","11":"first","12":"instock","13":"virtual","14":"product-type-simple"},"yoast_head":"<!-- This site is optimized with the Yoast SEO plugin v26.9 - https:\/\/yoast.com\/product\/yoast-seo-wordpress\/ -->\n<title>C\u1ed5ng S\u1eaft H\u1ed9p 4 C\u00e1nh Hi\u1ec7n \u0110\u1ea1i M\u00e0u Ghi Xingfa (M\u1eabu Qu\u1ed1c D\u00e2n 2026) - C\u01a1 kh\u00ed Hi\u1ebfu Vinh - Chuy\u00ean C\u1eeda S\u1eaft, M\u00e1i T\u00f4n, Nh\u00e0 Ti\u1ec1n Ch\u1ebf Pleiku<\/title>\n<meta name=\"description\" content=\"Chuy\u00ean thi c\u00f4ng c\u1ed5ng s\u1eaft h\u1ed9p 4 c\u00e1nh, h\u00e0ng r\u00e0o s\u1eaft \u0111\u1eb9p gi\u00e1 r\u1ebb t\u1ea1i Pleiku, Gia Lai. M\u1eabu m\u1edbi 2026, s\u1eaft d\u00e0y, s\u01a1n Epoxy cao c\u1ea5p. B\u00e1o gi\u00e1 nhanh: 035.8888.493\" \/>\n<meta name=\"robots\" content=\"index, follow, max-snippet:-1, max-image-preview:large, max-video-preview:-1\" \/>\n<link rel=\"canonical\" href=\"https:\/\/cokhihieuvinh.com\/?product=cong-sat-2\" \/>\n<meta property=\"og:locale\" content=\"vi_VN\" \/>\n<meta property=\"og:type\" content=\"article\" \/>\n<meta property=\"og:title\" content=\"C\u1ed5ng S\u1eaft H\u1ed9p 4 C\u00e1nh Hi\u1ec7n \u0110\u1ea1i M\u00e0u Ghi Xingfa (M\u1eabu Qu\u1ed1c D\u00e2n 2026) - C\u01a1 kh\u00ed Hi\u1ebfu Vinh - Chuy\u00ean C\u1eeda S\u1eaft, M\u00e1i T\u00f4n, Nh\u00e0 Ti\u1ec1n Ch\u1ebf Pleiku\" \/>\n<meta property=\"og:description\" content=\"Chuy\u00ean thi c\u00f4ng c\u1ed5ng s\u1eaft h\u1ed9p 4 c\u00e1nh, h\u00e0ng r\u00e0o s\u1eaft \u0111\u1eb9p gi\u00e1 r\u1ebb t\u1ea1i Pleiku, Gia Lai. M\u1eabu m\u1edbi 2026, s\u1eaft d\u00e0y, s\u01a1n Epoxy cao c\u1ea5p. B\u00e1o gi\u00e1 nhanh: 035.8888.493\" \/>\n<meta property=\"og:url\" content=\"https:\/\/cokhihieuvinh.com\/?product=cong-sat-2\" \/>\n<meta property=\"og:site_name\" content=\"C\u01a1 kh\u00ed Hi\u1ebfu Vinh - Chuy\u00ean C\u1eeda S\u1eaft, M\u00e1i T\u00f4n, Nh\u00e0 Ti\u1ec1n Ch\u1ebf Pleiku\" \/>\n<meta property=\"article:modified_time\" content=\"2026-01-19T07:47:30+00:00\" \/>\n<meta property=\"og:image\" content=\"https:\/\/cokhihieuvinh.com\/wp-content\/uploads\/2026\/01\/Cua-Cong-ma-CS.01.png\" \/>\n\t<meta property=\"og:image:width\" content=\"1200\" \/>\n\t<meta property=\"og:image:height\" content=\"630\" \/>\n\t<meta property=\"og:image:type\" content=\"image\/png\" \/>\n<meta name=\"twitter:card\" content=\"summary_large_image\" \/>\n<meta name=\"twitter:label1\" content=\"\u01af\u1edbc t\u00ednh th\u1eddi gian \u0111\u1ecdc\" \/>\n\t<meta name=\"twitter:data1\" content=\"3 ph\u00fat\" \/>\n<script type=\"application\/ld+json\" class=\"yoast-schema-graph\">{\"@context\":\"https:\/\/schema.org\",\"@graph\":[{\"@type\":\"WebPage\",\"@id\":\"https:\/\/cokhihieuvinh.com\/?product=cong-sat-2\",\"url\":\"https:\/\/cokhihieuvinh.com\/?product=cong-sat-2\",\"name\":\"C\u1ed5ng S\u1eaft H\u1ed9p 4 C\u00e1nh Hi\u1ec7n \u0110\u1ea1i M\u00e0u Ghi Xingfa (M\u1eabu Qu\u1ed1c D\u00e2n 2026) - C\u01a1 kh\u00ed Hi\u1ebfu Vinh - Chuy\u00ean C\u1eeda S\u1eaft, M\u00e1i T\u00f4n, Nh\u00e0 Ti\u1ec1n Ch\u1ebf Pleiku\",\"isPartOf\":{\"@id\":\"https:\/\/cokhihieuvinh.com\/#website\"},\"primaryImageOfPage\":{\"@id\":\"https:\/\/cokhihieuvinh.com\/?product=cong-sat-2#primaryimage\"},\"image\":{\"@id\":\"https:\/\/cokhihieuvinh.com\/?product=cong-sat-2#primaryimage\"},\"thumbnailUrl\":\"https:\/\/cokhihieuvinh.com\/wp-content\/uploads\/2026\/01\/Cua-Cong-ma-CS.01.png\",\"datePublished\":\"2026-01-18T07:34:07+00:00\",\"dateModified\":\"2026-01-19T07:47:30+00:00\",\"description\":\"Chuy\u00ean thi c\u00f4ng c\u1ed5ng s\u1eaft h\u1ed9p 4 c\u00e1nh, h\u00e0ng r\u00e0o s\u1eaft \u0111\u1eb9p gi\u00e1 r\u1ebb t\u1ea1i Pleiku, Gia Lai. M\u1eabu m\u1edbi 2026, s\u1eaft d\u00e0y, s\u01a1n Epoxy cao c\u1ea5p. B\u00e1o gi\u00e1 nhanh: 035.8888.493\",\"breadcrumb\":{\"@id\":\"https:\/\/cokhihieuvinh.com\/?product=cong-sat-2#breadcrumb\"},\"inLanguage\":\"vi\",\"potentialAction\":[{\"@type\":\"ReadAction\",\"target\":[\"https:\/\/cokhihieuvinh.com\/?product=cong-sat-2\"]}]},{\"@type\":\"ImageObject\",\"inLanguage\":\"vi\",\"@id\":\"https:\/\/cokhihieuvinh.com\/?product=cong-sat-2#primaryimage\",\"url\":\"https:\/\/cokhihieuvinh.com\/wp-content\/uploads\/2026\/01\/Cua-Cong-ma-CS.01.png\",\"contentUrl\":\"https:\/\/cokhihieuvinh.com\/wp-content\/uploads\/2026\/01\/Cua-Cong-ma-CS.01.png\",\"width\":1200,\"height\":630},{\"@type\":\"BreadcrumbList\",\"@id\":\"https:\/\/cokhihieuvinh.com\/?product=cong-sat-2#breadcrumb\",\"itemListElement\":[{\"@type\":\"ListItem\",\"position\":1,\"name\":\"Trang ch\u1ee7\",\"item\":\"https:\/\/cokhihieuvinh.com\/\"},{\"@type\":\"ListItem\",\"position\":2,\"name\":\"C\u1eeda h\u00e0ng\",\"item\":\"https:\/\/cokhihieuvinh.com\/?page_id=23\"},{\"@type\":\"ListItem\",\"position\":3,\"name\":\"C\u1ed5ng S\u1eaft H\u1ed9p 4 C\u00e1nh Hi\u1ec7n \u0110\u1ea1i M\u00e0u Ghi Xingfa (M\u1eabu Qu\u1ed1c D\u00e2n 2026)\"}]},{\"@type\":\"WebSite\",\"@id\":\"https:\/\/cokhihieuvinh.com\/#website\",\"url\":\"https:\/\/cokhihieuvinh.com\/\",\"name\":\"C\u01a1 kh\u00ed Hi\u1ebfu Vinh - Chuy\u00ean C\u1eeda S\u1eaft, M\u00e1i T\u00f4n, Nh\u00e0 Ti\u1ec1n Ch\u1ebf Pleiku\",\"description\":\"\",\"potentialAction\":[{\"@type\":\"SearchAction\",\"target\":{\"@type\":\"EntryPoint\",\"urlTemplate\":\"https:\/\/cokhihieuvinh.com\/?s={search_term_string}\"},\"query-input\":{\"@type\":\"PropertyValueSpecification\",\"valueRequired\":true,\"valueName\":\"search_term_string\"}}],\"inLanguage\":\"vi\"}]}<\/script>\n<!-- \/ Yoast SEO plugin. -->","yoast_head_json":{"title":"C\u1ed5ng S\u1eaft H\u1ed9p 4 C\u00e1nh Hi\u1ec7n \u0110\u1ea1i M\u00e0u Ghi Xingfa (M\u1eabu Qu\u1ed1c D\u00e2n 2026) - C\u01a1 kh\u00ed Hi\u1ebfu Vinh - Chuy\u00ean C\u1eeda S\u1eaft, M\u00e1i T\u00f4n, Nh\u00e0 Ti\u1ec1n Ch\u1ebf Pleiku","description":"Chuy\u00ean thi c\u00f4ng c\u1ed5ng s\u1eaft h\u1ed9p 4 c\u00e1nh, h\u00e0ng r\u00e0o s\u1eaft \u0111\u1eb9p gi\u00e1 r\u1ebb t\u1ea1i Pleiku, Gia Lai. M\u1eabu m\u1edbi 2026, s\u1eaft d\u00e0y, s\u01a1n Epoxy cao c\u1ea5p. B\u00e1o gi\u00e1 nhanh: 035.8888.493","robots":{"index":"index","follow":"follow","max-snippet":"max-snippet:-1","max-image-preview":"max-image-preview:large","max-video-preview":"max-video-preview:-1"},"canonical":"https:\/\/cokhihieuvinh.com\/?product=cong-sat-2","og_locale":"vi_VN","og_type":"article","og_title":"C\u1ed5ng S\u1eaft H\u1ed9p 4 C\u00e1nh Hi\u1ec7n \u0110\u1ea1i M\u00e0u Ghi Xingfa (M\u1eabu Qu\u1ed1c D\u00e2n 2026) - C\u01a1 kh\u00ed Hi\u1ebfu Vinh - Chuy\u00ean C\u1eeda S\u1eaft, M\u00e1i T\u00f4n, Nh\u00e0 Ti\u1ec1n Ch\u1ebf Pleiku","og_description":"Chuy\u00ean thi c\u00f4ng c\u1ed5ng s\u1eaft h\u1ed9p 4 c\u00e1nh, h\u00e0ng r\u00e0o s\u1eaft \u0111\u1eb9p gi\u00e1 r\u1ebb t\u1ea1i Pleiku, Gia Lai. M\u1eabu m\u1edbi 2026, s\u1eaft d\u00e0y, s\u01a1n Epoxy cao c\u1ea5p. B\u00e1o gi\u00e1 nhanh: 035.8888.493","og_url":"https:\/\/cokhihieuvinh.com\/?product=cong-sat-2","og_site_name":"C\u01a1 kh\u00ed Hi\u1ebfu Vinh - Chuy\u00ean C\u1eeda S\u1eaft, M\u00e1i T\u00f4n, Nh\u00e0 Ti\u1ec1n Ch\u1ebf Pleiku","article_modified_time":"2026-01-19T07:47:30+00:00","og_image":[{"width":1200,"height":630,"url":"https:\/\/cokhihieuvinh.com\/wp-content\/uploads\/2026\/01\/Cua-Cong-ma-CS.01.png","type":"image\/png"}],"twitter_card":"summary_large_image","twitter_misc":{"\u01af\u1edbc t\u00ednh th\u1eddi gian \u0111\u1ecdc":"3 ph\u00fat"},"schema":{"@context":"https:\/\/schema.org","@graph":[{"@type":"WebPage","@id":"https:\/\/cokhihieuvinh.com\/?product=cong-sat-2","url":"https:\/\/cokhihieuvinh.com\/?product=cong-sat-2","name":"C\u1ed5ng S\u1eaft H\u1ed9p 4 C\u00e1nh Hi\u1ec7n \u0110\u1ea1i M\u00e0u Ghi Xingfa (M\u1eabu Qu\u1ed1c D\u00e2n 2026) - C\u01a1 kh\u00ed Hi\u1ebfu Vinh - Chuy\u00ean C\u1eeda S\u1eaft, M\u00e1i T\u00f4n, Nh\u00e0 Ti\u1ec1n Ch\u1ebf Pleiku","isPartOf":{"@id":"https:\/\/cokhihieuvinh.com\/#website"},"primaryImageOfPage":{"@id":"https:\/\/cokhihieuvinh.com\/?product=cong-sat-2#primaryimage"},"image":{"@id":"https:\/\/cokhihieuvinh.com\/?product=cong-sat-2#primaryimage"},"thumbnailUrl":"https:\/\/cokhihieuvinh.com\/wp-content\/uploads\/2026\/01\/Cua-Cong-ma-CS.01.png","datePublished":"2026-01-18T07:34:07+00:00","dateModified":"2026-01-19T07:47:30+00:00","description":"Chuy\u00ean thi c\u00f4ng c\u1ed5ng s\u1eaft h\u1ed9p 4 c\u00e1nh, h\u00e0ng r\u00e0o s\u1eaft \u0111\u1eb9p gi\u00e1 r\u1ebb t\u1ea1i Pleiku, Gia Lai. M\u1eabu m\u1edbi 2026, s\u1eaft d\u00e0y, s\u01a1n Epoxy cao c\u1ea5p. B\u00e1o gi\u00e1 nhanh: 035.8888.493","breadcrumb":{"@id":"https:\/\/cokhihieuvinh.com\/?product=cong-sat-2#breadcrumb"},"inLanguage":"vi","potentialAction":[{"@type":"ReadAction","target":["https:\/\/cokhihieuvinh.com\/?product=cong-sat-2"]}]},{"@type":"ImageObject","inLanguage":"vi","@id":"https:\/\/cokhihieuvinh.com\/?product=cong-sat-2#primaryimage","url":"https:\/\/cokhihieuvinh.com\/wp-content\/uploads\/2026\/01\/Cua-Cong-ma-CS.01.png","contentUrl":"https:\/\/cokhihieuvinh.com\/wp-content\/uploads\/2026\/01\/Cua-Cong-ma-CS.01.png","width":1200,"height":630},{"@type":"BreadcrumbList","@id":"https:\/\/cokhihieuvinh.com\/?product=cong-sat-2#breadcrumb","itemListElement":[{"@type":"ListItem","position":1,"name":"Trang ch\u1ee7","item":"https:\/\/cokhihieuvinh.com\/"},{"@type":"ListItem","position":2,"name":"C\u1eeda h\u00e0ng","item":"https:\/\/cokhihieuvinh.com\/?page_id=23"},{"@type":"ListItem","position":3,"name":"C\u1ed5ng S\u1eaft H\u1ed9p 4 C\u00e1nh Hi\u1ec7n \u0110\u1ea1i M\u00e0u Ghi Xingfa (M\u1eabu Qu\u1ed1c D\u00e2n 2026)"}]},{"@type":"WebSite","@id":"https:\/\/cokhihieuvinh.com\/#website","url":"https:\/\/cokhihieuvinh.com\/","name":"C\u01a1 kh\u00ed Hi\u1ebfu Vinh - Chuy\u00ean C\u1eeda S\u1eaft, M\u00e1i T\u00f4n, Nh\u00e0 Ti\u1ec1n Ch\u1ebf Pleiku","description":"","potentialAction":[{"@type":"SearchAction","target":{"@type":"EntryPoint","urlTemplate":"https:\/\/cokhihieuvinh.com\/?s={search_term_string}"},"query-input":{"@type":"PropertyValueSpecification","valueRequired":true,"valueName":"search_term_string"}}],"inLanguage":"vi"}]}},"jetpack_sharing_enabled":true,"_links":{"self":[{"href":"https:\/\/cokhihieuvinh.com\/index.php?rest_route=\/wp\/v2\/product\/120","targetHints":{"allow":["GET"]}}],"collection":[{"href":"https:\/\/cokhihieuvinh.com\/index.php?rest_route=\/wp\/v2\/product"}],"about":[{"href":"https:\/\/cokhihieuvinh.com\/index.php?rest_route=\/wp\/v2\/types\/product"}],"replies":[{"embeddable":true,"href":"https:\/\/cokhihieuvinh.com\/index.php?rest_route=%2Fwp%2Fv2%2Fcomments&post=120"}],"wp:featuredmedia":[{"embeddable":true,"href":"https:\/\/cokhihieuvinh.com\/index.php?rest_route=\/wp\/v2\/media\/121"}],"wp:attachment":[{"href":"https:\/\/cokhihieuvinh.com\/index.php?rest_route=%2Fwp%2Fv2%2Fmedia&parent=120"}],"wp:term":[{"taxonomy":"product_brand","embeddable":true,"href":"https:\/\/cokhihieuvinh.com\/index.php?rest_route=%2Fwp%2Fv2%2Fproduct_brand&post=120"},{"taxonomy":"product_cat","embeddable":true,"href":"https:\/\/cokhihieuvinh.com\/index.php?rest_route=%2Fwp%2Fv2%2Fproduct_cat&post=120"},{"taxonomy":"product_tag","embeddable":true,"href":"https:\/\/cokhihieuvinh.com\/index.php?rest_route=%2Fwp%2Fv2%2Fproduct_tag&post=120"}],"curies":[{"name":"wp","href":"https:\/\/api.w.org\/{rel}","templated":true}]}}