{"id":92,"date":"2026-01-17T05:50:46","date_gmt":"2026-01-17T05:50:46","guid":{"rendered":"https:\/\/cokhihieuvinh.com\/?post_type=product&#038;p=92"},"modified":"2026-01-17T06:41:13","modified_gmt":"2026-01-17T06:41:13","slug":"mai-ton","status":"publish","type":"product","link":"https:\/\/cokhihieuvinh.com\/?product=mai-ton","title":{"rendered":"Pleiku-Gia Lai Thi C\u00f4ng M\u00e1i T\u00f4n Th\u00e1i &#038; M\u00e1i V\u00f2m S\u00e2n Th\u01b0\u1ee3ng Tr\u1ecdn G\u00f3i"},"content":{"rendered":"<p data-path-to-node=\"13,0\"><b data-path-to-node=\"13,0\" data-index-in-node=\"0\">D\u1ecaCH V\u1ee4 THI C\u00d4NG M\u00c1I T\u00d4N CHUY\u00caN NGHI\u1ec6P T\u1ea0I PLEIKU &#8211; GIA LAI<\/b> <b data-path-to-node=\"13,0\" data-index-in-node=\"60\">C\u01a0 KH\u00cd HI\u1ebeU VINH &#8211; B\u1ec0N \u0110\u1eb8P T\u1eea T\u00c2M<\/b><\/p>\n<p data-path-to-node=\"13,1\">M\u00e1i nh\u00e0 l\u00e0 n\u01a1i che m\u01b0a che n\u1eafng, c\u1ea7n s\u1ef1 ch\u1eafc ch\u1eafn v\u00e0 tuy\u1ec7t \u0111\u1ed1i kh\u00f4ng \u0111\u01b0\u1ee3c d\u1ed9t. Hi\u1ec3u \u0111\u01b0\u1ee3c \u0111i\u1ec1u \u0111\u00f3, C\u01a1 Kh\u00ed Hi\u1ebfu Vinh cam k\u1ebft mang \u0111\u1ebfn gi\u1ea3i ph\u00e1p thi c\u00f4ng m\u00e1i t\u00f4n an to\u00e0n, th\u1ea9m m\u1ef9 v\u00e0 b\u1ec1n b\u1ec9 nh\u1ea5t cho b\u00e0 con Ph\u1ed1 N\u00fai.<\/p>\n<h3 data-path-to-node=\"13,2\">1. C\u00e1c H\u1ea1ng M\u1ee5c Thi C\u00f4ng Tr\u1ecdn G\u00f3i:<\/h3>\n<ul data-path-to-node=\"13,3\">\n<li>\n<p data-path-to-node=\"13,3,0,0\"><b data-path-to-node=\"13,3,0,0\" data-index-in-node=\"0\">M\u00e1i t\u00f4n gi\u1ea3 ng\u00f3i (M\u00e1i Th\u00e1i):<\/b> \u0110\u1eb9p, sang tr\u1ecdng cho nh\u00e0 c\u1ea5p 4, bi\u1ec7t th\u1ef1 s\u00e2n v\u01b0\u1eddn.<\/p>\n<\/li>\n<li>\n<p data-path-to-node=\"13,3,1,0\"><b data-path-to-node=\"13,3,1,0\" data-index-in-node=\"0\">M\u00e1i t\u00f4n l\u1ea1nh (C\u00e1ch nhi\u1ec7t PU):<\/b> Ch\u1ed1ng n\u00f3ng hi\u1ec7u qu\u1ea3 cho m\u00f9a kh\u00f4 Gia Lai.<\/p>\n<\/li>\n<li>\n<p data-path-to-node=\"13,3,2,0\"><b data-path-to-node=\"13,3,2,0\" data-index-in-node=\"0\">M\u00e1i v\u00f2m s\u00e2n th\u01b0\u1ee3ng, m\u00e1i che s\u00e2n:<\/b> T\u1ea1o kh\u00f4ng gian tho\u00e1ng m\u00e1t, ph\u01a1i \u0111\u1ed3, tr\u1ed3ng c\u00e2y.<\/p>\n<\/li>\n<li>\n<p data-path-to-node=\"13,3,3,0\"><b data-path-to-node=\"13,3,3,0\" data-index-in-node=\"0\">Thay m\u00e1i t\u00f4n c\u0169 n\u00e1t:<\/b> Th\u00e1o d\u1ee1 m\u00e1i c\u0169, thay m\u1edbi nhanh g\u1ecdn trong ng\u00e0y.<\/p>\n<\/li>\n<li>\n<p data-path-to-node=\"13,3,4,0\"><b data-path-to-node=\"13,3,4,0\" data-index-in-node=\"0\">X\u1eed l\u00fd ch\u1ed1ng d\u1ed9t:<\/b> T\u00ecm v\u00e0 b\u1ecbt k\u00edn c\u00e1c l\u1ed7 \u0111inh, khe h\u1edf m\u00e1i t\u00f4n c\u0169.<\/p>\n<\/li>\n<\/ul>\n<h3 data-path-to-node=\"13,4\">2. Cam K\u1ebft V\u00e0ng V\u1ec1 V\u1eadt T\u01b0 &amp; K\u1ef9 Thu\u1eadt:<\/h3>\n<p data-path-to-node=\"13,5\">\u0110\u1ec3 \u0111\u1ea3m b\u1ea3o m\u00e1i nh\u00e0 d\u00f9ng 20 n\u0103m kh\u00f4ng h\u1ecfng, ch\u00fang t\u00f4i ch\u1ec9 d\u00f9ng h\u00e0ng chu\u1ea9n:<\/p>\n<ul data-path-to-node=\"13,6\">\n<li>\n<p data-path-to-node=\"13,6,0,0\"><b data-path-to-node=\"13,6,0,0\" data-index-in-node=\"0\">T\u00f4n ch\u00ednh h\u00e3ng:<\/b> Hoa Sen, \u0110\u00f4ng \u00c1, Vi\u1ec7t Nh\u1eadt. \u0110\u1ed9 d\u00e0y chu\u1ea9n (Zem) t\u1eeb 4 dem, 4.5 dem \u0111\u1ebfn 5 dem t\u00f9y y\u00eau c\u1ea7u. N\u00f3i KH\u00d4NG v\u1edbi t\u00f4n m\u1ecfng, t\u00f4n tr\u00f4i n\u1ed5i.<\/p>\n<\/li>\n<li>\n<p data-path-to-node=\"13,6,1,0\"><b data-path-to-node=\"13,6,1,0\" data-index-in-node=\"0\">Khung k\u00e8o s\u1eaft h\u1ed9p:<\/b> S\u1eaft m\u1ea1 k\u1ebdm H\u00f2a Ph\u00e1t lo\u1ea1i d\u00e0y (1.4ly, 1.8ly). S\u1eed d\u1ee5ng s\u1eaft h\u1ed9p 4&#215;8, 5&#215;10 ho\u1eb7c \u0111i k\u00e8o I, k\u00e8o V cho nh\u00e0 x\u01b0\u1edfng r\u1ed9ng.<\/p>\n<\/li>\n<li>\n<p data-path-to-node=\"13,6,2,0\"><b data-path-to-node=\"13,6,2,0\" data-index-in-node=\"0\">K\u1ef9 thu\u1eadt h\u00e0n:<\/b> Th\u1ee3 h\u00e0n tay ngh\u1ec1 cao (tr\u1ef1c ti\u1ebfp Vinh thi c\u00f4ng), m\u1ed1i h\u00e0n ng\u1ea5u, k\u00edn, \u0111\u01b0\u1ee3c s\u01a1n ch\u1ed1ng r\u1ec9 m\u1ed1i h\u00e0n 2 l\u1edbp k\u1ef9 l\u01b0\u1ee1ng.<\/p>\n<\/li>\n<\/ul>\n<h3 data-path-to-node=\"13,7\">3. T\u1ea1i Sao Ch\u1ecdn Anh Em Hi\u1ebfu Vinh?<\/h3>\n<ul data-path-to-node=\"13,8\">\n<li>\n<p data-path-to-node=\"13,8,0,0\"><b data-path-to-node=\"13,8,0,0\" data-index-in-node=\"0\">Ng\u01b0\u1eddi th\u1eadt vi\u1ec7c th\u1eadt:<\/b> X\u01b0\u1edfng t\u1ea1i T\u00f4n Th\u1ea5t Thuy\u1ebft, Pleiku. Anh em l\u00e0m vi\u1ec7c tr\u1ef1c ti\u1ebfp, kh\u00f4ng qua &#8220;c\u00f2 l\u00e1i&#8221;.<\/p>\n<\/li>\n<li>\n<p data-path-to-node=\"13,8,1,0\"><b data-path-to-node=\"13,8,1,0\" data-index-in-node=\"0\">B\u1ea3o h\u00e0nh tr\u00e1ch nhi\u1ec7m:<\/b> B\u1ea3o h\u00e0nh k\u1ef9 thu\u1eadt khung k\u00e8o 5 n\u0103m. \u0110\u1eb7c bi\u1ec7t <b data-path-to-node=\"13,8,1,0\" data-index-in-node=\"66\">b\u1ea3o h\u00e0nh ch\u1ed1ng d\u1ed9t 2 n\u0103m<\/b> (m\u00f9a m\u01b0a g\u1ecdi l\u00e0 c\u00f3 m\u1eb7t).<\/p>\n<\/li>\n<li>\n<p data-path-to-node=\"13,8,2,0\"><b data-path-to-node=\"13,8,2,0\" data-index-in-node=\"0\">Gi\u00e1 c\u1ea3 ph\u1ea3i ch\u0103ng:<\/b> B\u00e1o gi\u00e1 tr\u1ecdn g\u00f3i (v\u1eadt t\u01b0 + nh\u00e2n c\u00f4ng) r\u00f5 r\u00e0ng, kh\u00f4ng ph\u00e1t sinh v\u00f4 l\u00fd.<\/p>\n<\/li>\n<\/ul>\n<hr data-path-to-node=\"13,9\" \/>\n<p data-path-to-node=\"13,10\">\ud83d\udce2 <b data-path-to-node=\"13,10\" data-index-in-node=\"3\">\u0110ANG C\u00d3 NHU C\u1ea6U L\u00c0M M\u00c1I? G\u1eccI NGAY \u0110\u1ec2 \u0110\u01af\u1ee2C T\u01af V\u1ea4N MI\u1ec4N PH\u00cd!<\/b><\/p>\n<p data-path-to-node=\"13,11\">\ud83d\udc64 <b data-path-to-node=\"13,11\" data-index-in-node=\"3\">Li\u00ean h\u1ec7:<\/b> Mr. Hi\u1ebfu (T\u01b0 v\u1ea5n &amp; B\u00e1o gi\u00e1) \ud83d\udcde <b data-path-to-node=\"13,11\" data-index-in-node=\"43\">\u0110i\u1ec7n tho\u1ea1i \/ Zalo:<\/b> <b data-path-to-node=\"13,11\" data-index-in-node=\"62\">035.8888.493<\/b> \ud83c\udfe0 <b data-path-to-node=\"13,11\" data-index-in-node=\"78\">\u0110\u1ecba ch\u1ec9 x\u01b0\u1edfng:<\/b> 77\/4 T\u00f4n Th\u1ea5t Thuy\u1ebft, P. Th\u1ed1ng Nh\u1ea5t, TP. Pleiku.<\/p>\n","protected":false},"excerpt":{"rendered":"<ul>\n<li>\n<p data-path-to-node=\"9,2,1,0,0\">Chuy\u00ean l\u00e0m m\u00e1i t\u00f4n ch\u1ed1ng n\u00f3ng, t\u00f4n l\u1ea1nh, m\u00e1i v\u00f2m s\u00e2n th\u01b0\u1ee3ng.<\/p>\n<\/li>\n<li>\n<p data-path-to-node=\"9,2,1,1,0\">Khung k\u00e8o s\u1eaft h\u1ed9p d\u00e0y, h\u00e0n k\u1ebft c\u1ea5u ch\u1ecbu l\u1ef1c cao.<\/p>\n<\/li>\n<li>\n<p data-path-to-node=\"9,2,1,2,0\">Cam k\u1ebft ch\u1ed1ng d\u1ed9t, b\u1ea3o h\u00e0nh d\u1ed9t 2 n\u0103m.<\/p>\n<p>\ud83d\udcde <b data-path-to-node=\"11\" data-index-in-node=\"261\">Hotline b\u00e1o gi\u00e1 nhanh: 035.8888.493 (Hi\u1ebfu)<\/b><\/li>\n<\/ul>\n","protected":false},"featured_media":93,"comment_status":"open","ping_status":"closed","template":"","meta":[],"product_brand":[],"product_cat":[24],"product_tag":[26,25,27],"class_list":{"0":"post-92","1":"product","2":"type-product","3":"status-publish","4":"has-post-thumbnail","6":"product_cat-mai-ton","7":"product_tag-mai-thai","8":"product_tag-mai-ton","9":"product_tag-mai-vom","11":"first","12":"instock","13":"virtual","14":"product-type-simple"},"yoast_head":"<!-- This site is optimized with the Yoast SEO plugin v26.9 - https:\/\/yoast.com\/product\/yoast-seo-wordpress\/ -->\n<title>Pleiku-Gia Lai Thi C\u00f4ng M\u00e1i T\u00f4n Th\u00e1i &amp; M\u00e1i V\u00f2m S\u00e2n Th\u01b0\u1ee3ng Tr\u1ecdn G\u00f3i - C\u01a1 kh\u00ed Hi\u1ebfu Vinh - Chuy\u00ean C\u1eeda S\u1eaft, M\u00e1i T\u00f4n, Nh\u00e0 Ti\u1ec1n Ch\u1ebf Pleiku<\/title>\n<meta name=\"description\" content=\"Chuy\u00ean l\u00e0m m\u00e1i t\u00f4n ch\u1ed1ng n\u00f3ng, t\u00f4n l\u1ea1nh, m\u00e1i v\u00f2m s\u00e2n th\u01b0\u1ee3ng. Khung k\u00e8o s\u1eaft h\u1ed9p d\u00e0y, h\u00e0n k\u1ebft c\u1ea5u ch\u1ecbu l\u1ef1c cao. Cam k\u1ebft ch\u1ed1ng d\u1ed9t, b\u1ea3o h\u00e0nh d\u1ed9t 2 n\u0103m.\" \/>\n<meta name=\"robots\" content=\"index, follow, max-snippet:-1, max-image-preview:large, max-video-preview:-1\" \/>\n<link rel=\"canonical\" href=\"https:\/\/cokhihieuvinh.com\/?product=mai-ton\" \/>\n<meta property=\"og:locale\" content=\"vi_VN\" \/>\n<meta property=\"og:type\" content=\"article\" \/>\n<meta property=\"og:title\" content=\"Pleiku-Gia Lai Thi C\u00f4ng M\u00e1i T\u00f4n Th\u00e1i &amp; M\u00e1i V\u00f2m S\u00e2n Th\u01b0\u1ee3ng Tr\u1ecdn G\u00f3i - C\u01a1 kh\u00ed Hi\u1ebfu Vinh - Chuy\u00ean C\u1eeda S\u1eaft, M\u00e1i T\u00f4n, Nh\u00e0 Ti\u1ec1n Ch\u1ebf Pleiku\" \/>\n<meta property=\"og:description\" content=\"Chuy\u00ean l\u00e0m m\u00e1i t\u00f4n ch\u1ed1ng n\u00f3ng, t\u00f4n l\u1ea1nh, m\u00e1i v\u00f2m s\u00e2n th\u01b0\u1ee3ng. Khung k\u00e8o s\u1eaft h\u1ed9p d\u00e0y, h\u00e0n k\u1ebft c\u1ea5u ch\u1ecbu l\u1ef1c cao. Cam k\u1ebft ch\u1ed1ng d\u1ed9t, b\u1ea3o h\u00e0nh d\u1ed9t 2 n\u0103m.\" \/>\n<meta property=\"og:url\" content=\"https:\/\/cokhihieuvinh.com\/?product=mai-ton\" \/>\n<meta property=\"og:site_name\" content=\"C\u01a1 kh\u00ed Hi\u1ebfu Vinh - Chuy\u00ean C\u1eeda S\u1eaft, M\u00e1i T\u00f4n, Nh\u00e0 Ti\u1ec1n Ch\u1ebf Pleiku\" \/>\n<meta property=\"article:modified_time\" content=\"2026-01-17T06:41:13+00:00\" \/>\n<meta property=\"og:image\" content=\"https:\/\/cokhihieuvinh.com\/wp-content\/uploads\/2026\/01\/Mai-ton-mai-ngoi-pleiku-gia-lai-1024x559.png\" \/>\n\t<meta property=\"og:image:width\" content=\"1024\" \/>\n\t<meta property=\"og:image:height\" content=\"559\" \/>\n\t<meta property=\"og:image:type\" content=\"image\/png\" \/>\n<meta name=\"twitter:card\" content=\"summary_large_image\" \/>\n<meta name=\"twitter:label1\" content=\"\u01af\u1edbc t\u00ednh th\u1eddi gian \u0111\u1ecdc\" \/>\n\t<meta name=\"twitter:data1\" content=\"3 ph\u00fat\" \/>\n<script type=\"application\/ld+json\" class=\"yoast-schema-graph\">{\"@context\":\"https:\/\/schema.org\",\"@graph\":[{\"@type\":\"WebPage\",\"@id\":\"https:\/\/cokhihieuvinh.com\/?product=mai-ton\",\"url\":\"https:\/\/cokhihieuvinh.com\/?product=mai-ton\",\"name\":\"Pleiku-Gia Lai Thi C\u00f4ng M\u00e1i T\u00f4n Th\u00e1i & M\u00e1i V\u00f2m S\u00e2n Th\u01b0\u1ee3ng Tr\u1ecdn G\u00f3i - C\u01a1 kh\u00ed Hi\u1ebfu Vinh - Chuy\u00ean C\u1eeda S\u1eaft, M\u00e1i T\u00f4n, Nh\u00e0 Ti\u1ec1n Ch\u1ebf Pleiku\",\"isPartOf\":{\"@id\":\"https:\/\/cokhihieuvinh.com\/#website\"},\"primaryImageOfPage\":{\"@id\":\"https:\/\/cokhihieuvinh.com\/?product=mai-ton#primaryimage\"},\"image\":{\"@id\":\"https:\/\/cokhihieuvinh.com\/?product=mai-ton#primaryimage\"},\"thumbnailUrl\":\"https:\/\/cokhihieuvinh.com\/wp-content\/uploads\/2026\/01\/Mai-ton-mai-ngoi-pleiku-gia-lai-scaled.png\",\"datePublished\":\"2026-01-17T05:50:46+00:00\",\"dateModified\":\"2026-01-17T06:41:13+00:00\",\"description\":\"Chuy\u00ean l\u00e0m m\u00e1i t\u00f4n ch\u1ed1ng n\u00f3ng, t\u00f4n l\u1ea1nh, m\u00e1i v\u00f2m s\u00e2n th\u01b0\u1ee3ng. Khung k\u00e8o s\u1eaft h\u1ed9p d\u00e0y, h\u00e0n k\u1ebft c\u1ea5u ch\u1ecbu l\u1ef1c cao. Cam k\u1ebft ch\u1ed1ng d\u1ed9t, b\u1ea3o h\u00e0nh d\u1ed9t 2 n\u0103m.\",\"breadcrumb\":{\"@id\":\"https:\/\/cokhihieuvinh.com\/?product=mai-ton#breadcrumb\"},\"inLanguage\":\"vi\",\"potentialAction\":[{\"@type\":\"ReadAction\",\"target\":[\"https:\/\/cokhihieuvinh.com\/?product=mai-ton\"]}]},{\"@type\":\"ImageObject\",\"inLanguage\":\"vi\",\"@id\":\"https:\/\/cokhihieuvinh.com\/?product=mai-ton#primaryimage\",\"url\":\"https:\/\/cokhihieuvinh.com\/wp-content\/uploads\/2026\/01\/Mai-ton-mai-ngoi-pleiku-gia-lai-scaled.png\",\"contentUrl\":\"https:\/\/cokhihieuvinh.com\/wp-content\/uploads\/2026\/01\/Mai-ton-mai-ngoi-pleiku-gia-lai-scaled.png\",\"width\":2560,\"height\":1396},{\"@type\":\"BreadcrumbList\",\"@id\":\"https:\/\/cokhihieuvinh.com\/?product=mai-ton#breadcrumb\",\"itemListElement\":[{\"@type\":\"ListItem\",\"position\":1,\"name\":\"Trang ch\u1ee7\",\"item\":\"https:\/\/cokhihieuvinh.com\/\"},{\"@type\":\"ListItem\",\"position\":2,\"name\":\"C\u1eeda h\u00e0ng\",\"item\":\"https:\/\/cokhihieuvinh.com\/?page_id=23\"},{\"@type\":\"ListItem\",\"position\":3,\"name\":\"Pleiku-Gia Lai Thi C\u00f4ng M\u00e1i T\u00f4n Th\u00e1i &#038; M\u00e1i V\u00f2m S\u00e2n Th\u01b0\u1ee3ng Tr\u1ecdn G\u00f3i\"}]},{\"@type\":\"WebSite\",\"@id\":\"https:\/\/cokhihieuvinh.com\/#website\",\"url\":\"https:\/\/cokhihieuvinh.com\/\",\"name\":\"C\u01a1 kh\u00ed Hi\u1ebfu Vinh - Chuy\u00ean C\u1eeda S\u1eaft, M\u00e1i T\u00f4n, Nh\u00e0 Ti\u1ec1n Ch\u1ebf Pleiku\",\"description\":\"\",\"potentialAction\":[{\"@type\":\"SearchAction\",\"target\":{\"@type\":\"EntryPoint\",\"urlTemplate\":\"https:\/\/cokhihieuvinh.com\/?s={search_term_string}\"},\"query-input\":{\"@type\":\"PropertyValueSpecification\",\"valueRequired\":true,\"valueName\":\"search_term_string\"}}],\"inLanguage\":\"vi\"}]}<\/script>\n<!-- \/ Yoast SEO plugin. -->","yoast_head_json":{"title":"Pleiku-Gia Lai Thi C\u00f4ng M\u00e1i T\u00f4n Th\u00e1i & M\u00e1i V\u00f2m S\u00e2n Th\u01b0\u1ee3ng Tr\u1ecdn G\u00f3i - C\u01a1 kh\u00ed Hi\u1ebfu Vinh - Chuy\u00ean C\u1eeda S\u1eaft, M\u00e1i T\u00f4n, Nh\u00e0 Ti\u1ec1n Ch\u1ebf Pleiku","description":"Chuy\u00ean l\u00e0m m\u00e1i t\u00f4n ch\u1ed1ng n\u00f3ng, t\u00f4n l\u1ea1nh, m\u00e1i v\u00f2m s\u00e2n th\u01b0\u1ee3ng. Khung k\u00e8o s\u1eaft h\u1ed9p d\u00e0y, h\u00e0n k\u1ebft c\u1ea5u ch\u1ecbu l\u1ef1c cao. Cam k\u1ebft ch\u1ed1ng d\u1ed9t, b\u1ea3o h\u00e0nh d\u1ed9t 2 n\u0103m.","robots":{"index":"index","follow":"follow","max-snippet":"max-snippet:-1","max-image-preview":"max-image-preview:large","max-video-preview":"max-video-preview:-1"},"canonical":"https:\/\/cokhihieuvinh.com\/?product=mai-ton","og_locale":"vi_VN","og_type":"article","og_title":"Pleiku-Gia Lai Thi C\u00f4ng M\u00e1i T\u00f4n Th\u00e1i & M\u00e1i V\u00f2m S\u00e2n Th\u01b0\u1ee3ng Tr\u1ecdn G\u00f3i - C\u01a1 kh\u00ed Hi\u1ebfu Vinh - Chuy\u00ean C\u1eeda S\u1eaft, M\u00e1i T\u00f4n, Nh\u00e0 Ti\u1ec1n Ch\u1ebf Pleiku","og_description":"Chuy\u00ean l\u00e0m m\u00e1i t\u00f4n ch\u1ed1ng n\u00f3ng, t\u00f4n l\u1ea1nh, m\u00e1i v\u00f2m s\u00e2n th\u01b0\u1ee3ng. Khung k\u00e8o s\u1eaft h\u1ed9p d\u00e0y, h\u00e0n k\u1ebft c\u1ea5u ch\u1ecbu l\u1ef1c cao. Cam k\u1ebft ch\u1ed1ng d\u1ed9t, b\u1ea3o h\u00e0nh d\u1ed9t 2 n\u0103m.","og_url":"https:\/\/cokhihieuvinh.com\/?product=mai-ton","og_site_name":"C\u01a1 kh\u00ed Hi\u1ebfu Vinh - Chuy\u00ean C\u1eeda S\u1eaft, M\u00e1i T\u00f4n, Nh\u00e0 Ti\u1ec1n Ch\u1ebf Pleiku","article_modified_time":"2026-01-17T06:41:13+00:00","og_image":[{"width":1024,"height":559,"url":"https:\/\/cokhihieuvinh.com\/wp-content\/uploads\/2026\/01\/Mai-ton-mai-ngoi-pleiku-gia-lai-1024x559.png","type":"image\/png"}],"twitter_card":"summary_large_image","twitter_misc":{"\u01af\u1edbc t\u00ednh th\u1eddi gian \u0111\u1ecdc":"3 ph\u00fat"},"schema":{"@context":"https:\/\/schema.org","@graph":[{"@type":"WebPage","@id":"https:\/\/cokhihieuvinh.com\/?product=mai-ton","url":"https:\/\/cokhihieuvinh.com\/?product=mai-ton","name":"Pleiku-Gia Lai Thi C\u00f4ng M\u00e1i T\u00f4n Th\u00e1i & M\u00e1i V\u00f2m S\u00e2n Th\u01b0\u1ee3ng Tr\u1ecdn G\u00f3i - C\u01a1 kh\u00ed Hi\u1ebfu Vinh - Chuy\u00ean C\u1eeda S\u1eaft, M\u00e1i T\u00f4n, Nh\u00e0 Ti\u1ec1n Ch\u1ebf Pleiku","isPartOf":{"@id":"https:\/\/cokhihieuvinh.com\/#website"},"primaryImageOfPage":{"@id":"https:\/\/cokhihieuvinh.com\/?product=mai-ton#primaryimage"},"image":{"@id":"https:\/\/cokhihieuvinh.com\/?product=mai-ton#primaryimage"},"thumbnailUrl":"https:\/\/cokhihieuvinh.com\/wp-content\/uploads\/2026\/01\/Mai-ton-mai-ngoi-pleiku-gia-lai-scaled.png","datePublished":"2026-01-17T05:50:46+00:00","dateModified":"2026-01-17T06:41:13+00:00","description":"Chuy\u00ean l\u00e0m m\u00e1i t\u00f4n ch\u1ed1ng n\u00f3ng, t\u00f4n l\u1ea1nh, m\u00e1i v\u00f2m s\u00e2n th\u01b0\u1ee3ng. Khung k\u00e8o s\u1eaft h\u1ed9p d\u00e0y, h\u00e0n k\u1ebft c\u1ea5u ch\u1ecbu l\u1ef1c cao. Cam k\u1ebft ch\u1ed1ng d\u1ed9t, b\u1ea3o h\u00e0nh d\u1ed9t 2 n\u0103m.","breadcrumb":{"@id":"https:\/\/cokhihieuvinh.com\/?product=mai-ton#breadcrumb"},"inLanguage":"vi","potentialAction":[{"@type":"ReadAction","target":["https:\/\/cokhihieuvinh.com\/?product=mai-ton"]}]},{"@type":"ImageObject","inLanguage":"vi","@id":"https:\/\/cokhihieuvinh.com\/?product=mai-ton#primaryimage","url":"https:\/\/cokhihieuvinh.com\/wp-content\/uploads\/2026\/01\/Mai-ton-mai-ngoi-pleiku-gia-lai-scaled.png","contentUrl":"https:\/\/cokhihieuvinh.com\/wp-content\/uploads\/2026\/01\/Mai-ton-mai-ngoi-pleiku-gia-lai-scaled.png","width":2560,"height":1396},{"@type":"BreadcrumbList","@id":"https:\/\/cokhihieuvinh.com\/?product=mai-ton#breadcrumb","itemListElement":[{"@type":"ListItem","position":1,"name":"Trang ch\u1ee7","item":"https:\/\/cokhihieuvinh.com\/"},{"@type":"ListItem","position":2,"name":"C\u1eeda h\u00e0ng","item":"https:\/\/cokhihieuvinh.com\/?page_id=23"},{"@type":"ListItem","position":3,"name":"Pleiku-Gia Lai Thi C\u00f4ng M\u00e1i T\u00f4n Th\u00e1i &#038; M\u00e1i V\u00f2m S\u00e2n Th\u01b0\u1ee3ng Tr\u1ecdn G\u00f3i"}]},{"@type":"WebSite","@id":"https:\/\/cokhihieuvinh.com\/#website","url":"https:\/\/cokhihieuvinh.com\/","name":"C\u01a1 kh\u00ed Hi\u1ebfu Vinh - Chuy\u00ean C\u1eeda S\u1eaft, M\u00e1i T\u00f4n, Nh\u00e0 Ti\u1ec1n Ch\u1ebf Pleiku","description":"","potentialAction":[{"@type":"SearchAction","target":{"@type":"EntryPoint","urlTemplate":"https:\/\/cokhihieuvinh.com\/?s={search_term_string}"},"query-input":{"@type":"PropertyValueSpecification","valueRequired":true,"valueName":"search_term_string"}}],"inLanguage":"vi"}]}},"jetpack_sharing_enabled":true,"_links":{"self":[{"href":"https:\/\/cokhihieuvinh.com\/index.php?rest_route=\/wp\/v2\/product\/92","targetHints":{"allow":["GET"]}}],"collection":[{"href":"https:\/\/cokhihieuvinh.com\/index.php?rest_route=\/wp\/v2\/product"}],"about":[{"href":"https:\/\/cokhihieuvinh.com\/index.php?rest_route=\/wp\/v2\/types\/product"}],"replies":[{"embeddable":true,"href":"https:\/\/cokhihieuvinh.com\/index.php?rest_route=%2Fwp%2Fv2%2Fcomments&post=92"}],"wp:featuredmedia":[{"embeddable":true,"href":"https:\/\/cokhihieuvinh.com\/index.php?rest_route=\/wp\/v2\/media\/93"}],"wp:attachment":[{"href":"https:\/\/cokhihieuvinh.com\/index.php?rest_route=%2Fwp%2Fv2%2Fmedia&parent=92"}],"wp:term":[{"taxonomy":"product_brand","embeddable":true,"href":"https:\/\/cokhihieuvinh.com\/index.php?rest_route=%2Fwp%2Fv2%2Fproduct_brand&post=92"},{"taxonomy":"product_cat","embeddable":true,"href":"https:\/\/cokhihieuvinh.com\/index.php?rest_route=%2Fwp%2Fv2%2Fproduct_cat&post=92"},{"taxonomy":"product_tag","embeddable":true,"href":"https:\/\/cokhihieuvinh.com\/index.php?rest_route=%2Fwp%2Fv2%2Fproduct_tag&post=92"}],"curies":[{"name":"wp","href":"https:\/\/api.w.org\/{rel}","templated":true}]}}